{"id":142,"date":"2023-06-28T05:09:22","date_gmt":"2023-06-28T05:09:22","guid":{"rendered":"https:\/\/www.ohnolulu.com\/contact\/"},"modified":"2025-07-28T17:49:17","modified_gmt":"2025-07-28T17:49:17","slug":"contact-2","status":"publish","type":"page","link":"https:\/\/www.ohnolulu.com\/en\/contact-2\/","title":{"rendered":"O\u00f9 nous trouver"},"content":{"rendered":"\t\t<div data-elementor-type=\"wp-page\" data-elementor-id=\"142\" class=\"elementor elementor-142 elementor-43\" data-elementor-post-type=\"page\">\n\t\t\t\t\t\t<section class=\"elementor-section elementor-top-section elementor-element elementor-element-703c8c2c elementor-section-boxed elementor-section-height-default elementor-section-height-default\" data-id=\"703c8c2c\" data-element_type=\"section\" data-settings=\"{&quot;background_background&quot;:&quot;classic&quot;}\">\n\t\t\t\t\t\t\t<div class=\"elementor-background-overlay\"><\/div>\n\t\t\t\t\t\t\t<div class=\"elementor-container elementor-column-gap-default\">\n\t\t\t\t\t<div class=\"elementor-column elementor-col-100 elementor-top-column elementor-element elementor-element-763b31d9 animated-fast elementor-invisible\" data-id=\"763b31d9\" data-element_type=\"column\" data-settings=\"{&quot;animation&quot;:&quot;fadeIn&quot;,&quot;animation_delay&quot;:300}\">\n\t\t\t<div class=\"elementor-widget-wrap elementor-element-populated\">\n\t\t\t\t\t\t<div class=\"elementor-element elementor-element-7dba7057 elementor-widget elementor-widget-heading\" data-id=\"7dba7057\" data-element_type=\"widget\" data-widget_type=\"heading.default\">\n\t\t\t\t<div class=\"elementor-widget-container\">\n\t\t\t\t\t<h2 class=\"elementor-heading-title elementor-size-default\">O\u00f9 nous trouver<\/h2>\t\t\t\t<\/div>\n\t\t\t\t<\/div>\n\t\t\t\t\t<\/div>\n\t\t<\/div>\n\t\t\t\t\t<\/div>\n\t\t<\/section>\n\t\t\t\t<section class=\"elementor-section elementor-top-section elementor-element elementor-element-59b5c051 elementor-section-boxed elementor-section-height-default elementor-section-height-default\" data-id=\"59b5c051\" data-element_type=\"section\" data-settings=\"{&quot;background_background&quot;:&quot;classic&quot;}\">\n\t\t\t\t\t\t<div class=\"elementor-container elementor-column-gap-default\">\n\t\t\t\t\t<div class=\"elementor-column elementor-col-100 elementor-top-column elementor-element elementor-element-72d697c2 animated-fast elementor-invisible\" data-id=\"72d697c2\" data-element_type=\"column\" data-settings=\"{&quot;animation&quot;:&quot;fadeIn&quot;,&quot;animation_delay&quot;:300}\">\n\t\t\t<div class=\"elementor-widget-wrap elementor-element-populated\">\n\t\t\t\t\t\t<section class=\"elementor-section elementor-inner-section elementor-element elementor-element-1732b7d1 elementor-section-boxed elementor-section-height-default elementor-section-height-default\" data-id=\"1732b7d1\" data-element_type=\"section\">\n\t\t\t\t\t\t<div class=\"elementor-container elementor-column-gap-default\">\n\t\t\t\t\t<div class=\"elementor-column elementor-col-33 elementor-inner-column elementor-element elementor-element-1dd9140b\" data-id=\"1dd9140b\" data-element_type=\"column\">\n\t\t\t<div class=\"elementor-widget-wrap elementor-element-populated\">\n\t\t\t\t\t\t<div class=\"elementor-element elementor-element-1ba59732 elementor-view-default elementor-position-top elementor-mobile-position-top elementor-widget elementor-widget-icon-box\" data-id=\"1ba59732\" data-element_type=\"widget\" data-widget_type=\"icon-box.default\">\n\t\t\t\t<div class=\"elementor-widget-container\">\n\t\t\t\t\t\t\t<div class=\"elementor-icon-box-wrapper\">\n\n\t\t\t\t\t\t<div class=\"elementor-icon-box-icon\">\n\t\t\t\t<a href=\"https:\/\/goo.gl\/maps\/BJwRbRFxn9HAxuC8A?coh=178573&#038;entry=tt\" class=\"elementor-icon\" tabindex=\"-1\" aria-label=\"O\u00f9 nous trouver\">\n\t\t\t\t<svg xmlns=\"http:\/\/www.w3.org\/2000\/svg\" id=\"Layer_1\" height=\"512\" viewBox=\"0 0 24 24\" width=\"512\" data-name=\"Layer 1\"><path d=\"m12 22.72a.74.74 0 0 1 -.53-.22l-5.76-5.76a8.9 8.9 0 1 1 12.58 0l-5.76 5.76a.74.74 0 0 1 -.53.22zm0-19.67a7.4 7.4 0 0 0 -5.23 12.63l5.23 5.23 5.23-5.23a7.4 7.4 0 0 0 -5.23-12.63z\"><\/path><path d=\"m12 13.75a3.75 3.75 0 1 1 3.75-3.75 3.75 3.75 0 0 1 -3.75 3.75zm0-6a2.25 2.25 0 1 0 2.25 2.25 2.25 2.25 0 0 0 -2.25-2.25z\"><\/path><\/svg>\t\t\t\t<\/a>\n\t\t\t<\/div>\n\t\t\t\n\t\t\t\t\t\t<div class=\"elementor-icon-box-content\">\n\n\t\t\t\t\t\t\t\t\t<h3 class=\"elementor-icon-box-title\">\n\t\t\t\t\t\t<a href=\"https:\/\/goo.gl\/maps\/BJwRbRFxn9HAxuC8A?coh=178573&#038;entry=tt\" >\n\t\t\t\t\t\t\tO\u00f9 nous trouver\t\t\t\t\t\t<\/a>\n\t\t\t\t\t<\/h3>\n\t\t\t\t\n\t\t\t\t\t\t\t\t\t<p class=\"elementor-icon-box-description\">\n\t\t\t\t\t\tBoulevard Georges-Favon 14<br>1204 Gen\u00e8ve\t\t\t\t\t<\/p>\n\t\t\t\t\n\t\t\t<\/div>\n\t\t\t\n\t\t<\/div>\n\t\t\t\t\t\t<\/div>\n\t\t\t\t<\/div>\n\t\t\t\t\t<\/div>\n\t\t<\/div>\n\t\t\t\t<div class=\"elementor-column elementor-col-33 elementor-inner-column elementor-element elementor-element-5f15170d\" data-id=\"5f15170d\" data-element_type=\"column\">\n\t\t\t<div class=\"elementor-widget-wrap elementor-element-populated\">\n\t\t\t\t\t\t<div class=\"elementor-element elementor-element-1749b263 elementor-view-default elementor-position-top elementor-mobile-position-top elementor-widget elementor-widget-icon-box\" data-id=\"1749b263\" data-element_type=\"widget\" data-widget_type=\"icon-box.default\">\n\t\t\t\t<div class=\"elementor-widget-container\">\n\t\t\t\t\t\t\t<div class=\"elementor-icon-box-wrapper\">\n\n\t\t\t\t\t\t<div class=\"elementor-icon-box-icon\">\n\t\t\t\t<span  class=\"elementor-icon\">\n\t\t\t\t<svg xmlns=\"http:\/\/www.w3.org\/2000\/svg\" xmlns:xlink=\"http:\/\/www.w3.org\/1999\/xlink\" id=\"Layer_1\" x=\"0px\" y=\"0px\" viewBox=\"0 0 512 512\" style=\"enable-background:new 0 0 512 512;\" xml:space=\"preserve\"><g>\t<g>\t\t<path d=\"M256,0C114.509,0,0,114.496,0,256c0,141.489,114.496,256,256,256c141.491,0,256-114.496,256-256   C512,114.511,397.504,0,256,0z M256,476.279c-121.462,0-220.279-98.816-220.279-220.279S134.538,35.721,256,35.721   S476.279,134.537,476.279,256S377.462,476.279,256,476.279z\"><\/path>\t<\/g><\/g><g>\t<g>\t\t<path d=\"M256.006,213.397c-15.164,0-25.947,6.404-25.947,15.839v128.386c0,8.088,10.783,16.174,25.947,16.174   c14.49,0,26.283-8.086,26.283-16.174V229.234C282.289,219.8,270.496,213.397,256.006,213.397z\"><\/path>\t<\/g><\/g><g>\t<g>\t\t<path d=\"M256.006,134.208c-15.501,0-27.631,11.12-27.631,23.925c0,12.806,12.131,24.263,27.631,24.263   c15.164,0,27.296-11.457,27.296-24.263C283.302,145.328,271.169,134.208,256.006,134.208z\"><\/path>\t<\/g><\/g><g><\/g><g><\/g><g><\/g><g><\/g><g><\/g><g><\/g><g><\/g><g><\/g><g><\/g><g><\/g><g><\/g><g><\/g><g><\/g><g><\/g><g><\/g><\/svg>\t\t\t\t<\/span>\n\t\t\t<\/div>\n\t\t\t\n\t\t\t\t\t\t<div class=\"elementor-icon-box-content\">\n\n\t\t\t\t\t\t\t\t\t<h3 class=\"elementor-icon-box-title\">\n\t\t\t\t\t\t<span  >\n\t\t\t\t\t\t\tContactez-nous\t\t\t\t\t\t<\/span>\n\t\t\t\t\t<\/h3>\n\t\t\t\t\n\t\t\t\t\t\t\t\t\t<p class=\"elementor-icon-box-description\">\n\t\t\t\t\t\t<a href=\"mailto:info@ohnolulu.com\">info@ohnolulu.com<\/a><br>\n<a href=\"tel:+41 78 302 54 11\">+41 78 302 54 11<\/a>\t\t\t\t\t<\/p>\n\t\t\t\t\n\t\t\t<\/div>\n\t\t\t\n\t\t<\/div>\n\t\t\t\t\t\t<\/div>\n\t\t\t\t<\/div>\n\t\t\t\t\t<\/div>\n\t\t<\/div>\n\t\t\t\t<div class=\"elementor-column elementor-col-33 elementor-inner-column elementor-element elementor-element-229757\" data-id=\"229757\" data-element_type=\"column\">\n\t\t\t<div class=\"elementor-widget-wrap elementor-element-populated\">\n\t\t\t\t\t\t<div class=\"elementor-element elementor-element-5006b93d elementor-view-default elementor-position-top elementor-mobile-position-top elementor-widget elementor-widget-icon-box\" data-id=\"5006b93d\" data-element_type=\"widget\" data-widget_type=\"icon-box.default\">\n\t\t\t\t<div class=\"elementor-widget-container\">\n\t\t\t\t\t\t\t<div class=\"elementor-icon-box-wrapper\">\n\n\t\t\t\t\t\t<div class=\"elementor-icon-box-icon\">\n\t\t\t\t<span  class=\"elementor-icon\">\n\t\t\t\t<svg xmlns=\"http:\/\/www.w3.org\/2000\/svg\" id=\"Capa_1\" height=\"512\" viewBox=\"0 0 443.294 443.294\" width=\"512\"><path d=\"m221.647 0c-122.214 0-221.647 99.433-221.647 221.647s99.433 221.647 221.647 221.647 221.647-99.433 221.647-221.647-99.433-221.647-221.647-221.647zm0 415.588c-106.941 0-193.941-87-193.941-193.941s87-193.941 193.941-193.941 193.941 87 193.941 193.941-87 193.941-193.941 193.941z\"><\/path><path d=\"m235.5 83.118h-27.706v144.265l87.176 87.176 19.589-19.589-79.059-79.059z\"><\/path><\/svg>\t\t\t\t<\/span>\n\t\t\t<\/div>\n\t\t\t\n\t\t\t\t\t\t<div class=\"elementor-icon-box-content\">\n\n\t\t\t\t\t\t\t\t\t<h3 class=\"elementor-icon-box-title\">\n\t\t\t\t\t\t<span  >\n\t\t\t\t\t\t\tHoraires\t\t\t\t\t\t<\/span>\n\t\t\t\t\t<\/h3>\n\t\t\t\t\n\t\t\t\t\t\t\t\t\t<p class=\"elementor-icon-box-description\">\n\t\t\t\t\t\tDimanche - Jeudi : 16h00 - 2h00<br>Vendredi - Samedi : 16h00 - 4h00<br>Service du midi du lundi au vendredi d\u00e8s 11h30\t\t\t\t\t<\/p>\n\t\t\t\t\n\t\t\t<\/div>\n\t\t\t\n\t\t<\/div>\n\t\t\t\t\t\t<\/div>\n\t\t\t\t<\/div>\n\t\t\t\t\t<\/div>\n\t\t<\/div>\n\t\t\t\t\t<\/div>\n\t\t<\/section>\n\t\t\t\t\t<\/div>\n\t\t<\/div>\n\t\t\t\t\t<\/div>\n\t\t<\/section>\n\t\t\t\t<section class=\"elementor-section elementor-top-section elementor-element elementor-element-298a51a5 elementor-section-boxed elementor-section-height-default elementor-section-height-default\" data-id=\"298a51a5\" data-element_type=\"section\" data-settings=\"{&quot;background_background&quot;:&quot;gradient&quot;}\">\n\t\t\t\t\t\t<div class=\"elementor-container elementor-column-gap-default\">\n\t\t\t\t\t<div class=\"elementor-column elementor-col-100 elementor-top-column elementor-element elementor-element-1e9dc62d\" data-id=\"1e9dc62d\" data-element_type=\"column\">\n\t\t\t<div class=\"elementor-widget-wrap elementor-element-populated\">\n\t\t\t\t\t\t<div class=\"elementor-element elementor-element-28cb4563 elementor-widget elementor-widget-google_maps\" data-id=\"28cb4563\" data-element_type=\"widget\" data-widget_type=\"google_maps.default\">\n\t\t\t\t<div class=\"elementor-widget-container\">\n\t\t\t\t\t\t\t<div class=\"elementor-custom-embed\">\n\t\t\t<iframe loading=\"lazy\"\n\t\t\t\t\tsrc=\"https:\/\/maps.google.com\/maps?q=Boulevard%20Georges-Favon%2014%201204%20Gen%C3%A8ve&#038;t=m&#038;z=17&#038;output=embed&#038;iwloc=near\"\n\t\t\t\t\ttitle=\"Boulevard Georges-Favon 14 1204 Gen\u00e8ve\"\n\t\t\t\t\taria-label=\"Boulevard Georges-Favon 14 1204 Gen\u00e8ve\"\n\t\t\t><\/iframe>\n\t\t<\/div>\n\t\t\t\t\t\t<\/div>\n\t\t\t\t<\/div>\n\t\t\t\t\t<\/div>\n\t\t<\/div>\n\t\t\t\t\t<\/div>\n\t\t<\/section>\n\t\t\t\t<section class=\"elementor-section elementor-top-section elementor-element elementor-element-33c8fb4b elementor-section-boxed elementor-section-height-default elementor-section-height-default\" data-id=\"33c8fb4b\" data-element_type=\"section\" data-settings=\"{&quot;background_background&quot;:&quot;classic&quot;}\">\n\t\t\t\t\t\t<div class=\"elementor-container elementor-column-gap-default\">\n\t\t\t\t\t<div class=\"elementor-column elementor-col-100 elementor-top-column elementor-element elementor-element-2f259b4b animated-fast elementor-invisible\" data-id=\"2f259b4b\" data-element_type=\"column\" data-settings=\"{&quot;animation&quot;:&quot;fadeIn&quot;,&quot;animation_delay&quot;:300}\">\n\t\t\t<div class=\"elementor-widget-wrap elementor-element-populated\">\n\t\t\t\t\t\t<div class=\"elementor-element elementor-element-6c940e19 elementor-widget elementor-widget-heading\" data-id=\"6c940e19\" data-element_type=\"widget\" data-widget_type=\"heading.default\">\n\t\t\t\t<div class=\"elementor-widget-container\">\n\t\t\t\t\t<h2 class=\"elementor-heading-title elementor-size-default\">R\u00e9servations<\/h2>\t\t\t\t<\/div>\n\t\t\t\t<\/div>\n\t\t\t\t<div class=\"elementor-element elementor-element-59d57129 elementor-widget elementor-widget-spacer\" data-id=\"59d57129\" data-element_type=\"widget\" data-widget_type=\"spacer.default\">\n\t\t\t\t<div class=\"elementor-widget-container\">\n\t\t\t\t\t\t\t<div class=\"elementor-spacer\">\n\t\t\t<div class=\"elementor-spacer-inner\"><\/div>\n\t\t<\/div>\n\t\t\t\t\t\t<\/div>\n\t\t\t\t<\/div>\n\t\t\t\t<div class=\"elementor-element elementor-element-788ef4ac elementor-button-align-center elementor-widget elementor-widget-form\" data-id=\"788ef4ac\" data-element_type=\"widget\" data-settings=\"{&quot;step_next_label&quot;:&quot;Next&quot;,&quot;step_previous_label&quot;:&quot;Previous&quot;,&quot;button_width&quot;:&quot;100&quot;,&quot;step_type&quot;:&quot;number_text&quot;,&quot;step_icon_shape&quot;:&quot;circle&quot;}\" data-widget_type=\"form.default\">\n\t\t\t\t<div class=\"elementor-widget-container\">\n\t\t\t\t\t\t\t<form class=\"elementor-form\" method=\"post\" name=\"Reservations Form\" aria-label=\"Reservations Form\">\n\t\t\t<input type=\"hidden\" name=\"post_id\" value=\"142\"\/>\n\t\t\t<input type=\"hidden\" name=\"form_id\" value=\"788ef4ac\"\/>\n\t\t\t<input type=\"hidden\" name=\"referer_title\" value=\"Oh no Lulu!\" \/>\n\n\t\t\t\n\t\t\t<div class=\"elementor-form-fields-wrapper elementor-labels-above\">\n\t\t\t\t\t\t\t\t<div class=\"elementor-field-type-text elementor-field-group elementor-column elementor-field-group-name elementor-col-100 elementor-field-required\">\n\t\t\t\t\t\t\t\t\t\t\t\t<label for=\"form-field-name\" class=\"elementor-field-label\">\n\t\t\t\t\t\t\t\tPr\u00e9nom Nom\t\t\t\t\t\t\t<\/label>\n\t\t\t\t\t\t\t\t\t\t\t\t\t\t<input size=\"1\" type=\"text\" name=\"form_fields[name]\" id=\"form-field-name\" class=\"elementor-field elementor-size-md  elementor-field-textual\" placeholder=\"Pr\u00e9nom Nom\" required=\"required\">\n\t\t\t\t\t\t\t\t\t\t\t<\/div>\n\t\t\t\t\t\t\t\t<div class=\"elementor-field-type-email elementor-field-group elementor-column elementor-field-group-email elementor-col-100 elementor-field-required\">\n\t\t\t\t\t\t\t\t\t\t\t\t<label for=\"form-field-email\" class=\"elementor-field-label\">\n\t\t\t\t\t\t\t\tE-mail\t\t\t\t\t\t\t<\/label>\n\t\t\t\t\t\t\t\t\t\t\t\t\t\t<input size=\"1\" type=\"email\" name=\"form_fields[email]\" id=\"form-field-email\" class=\"elementor-field elementor-size-md  elementor-field-textual\" placeholder=\"E-mail\" required=\"required\">\n\t\t\t\t\t\t\t\t\t\t\t<\/div>\n\t\t\t\t\t\t\t\t<div class=\"elementor-field-type-date elementor-field-group elementor-column elementor-field-group-reservation elementor-col-50 elementor-field-required\">\n\t\t\t\t\t\t\t\t\t\t\t\t<label for=\"form-field-reservation\" class=\"elementor-field-label\">\n\t\t\t\t\t\t\t\tR\u00e9servation\t\t\t\t\t\t\t<\/label>\n\t\t\t\t\t\t\n\t\t<input type=\"date\" name=\"form_fields[reservation]\" id=\"form-field-reservation\" class=\"elementor-field elementor-size-md  elementor-field-textual elementor-date-field elementor-use-native\" placeholder=\"R\u00e9servation\" required=\"required\" pattern=\"[0-9]{4}-[0-9]{2}-[0-9]{2}\">\n\t\t\t\t\t\t<\/div>\n\t\t\t\t\t\t\t\t<div class=\"elementor-field-type-time elementor-field-group elementor-column elementor-field-group-time elementor-col-50 elementor-field-required\">\n\t\t\t\t\t\t\t\t\t\t\t\t<label for=\"form-field-time\" class=\"elementor-field-label\">\n\t\t\t\t\t\t\t\tHeure d\u2019arriv\u00e9e \t\t\t\t\t\t\t<\/label>\n\t\t\t\t\t\t\t\t<input type=\"time\" name=\"form_fields[time]\" id=\"form-field-time\" class=\"elementor-field elementor-size-md  elementor-field-textual elementor-time-field\" placeholder=\"Heure d\u2019arriv\u00e9e \" required=\"required\">\n\t\t\t\t\t\t<\/div>\n\t\t\t\t\t\t\t\t<div class=\"elementor-field-type-text elementor-field-group elementor-column elementor-field-group-subject elementor-col-100 elementor-field-required\">\n\t\t\t\t\t\t\t\t\t\t\t\t<label for=\"form-field-subject\" class=\"elementor-field-label\">\n\t\t\t\t\t\t\t\tObjet de votre demande\t\t\t\t\t\t\t<\/label>\n\t\t\t\t\t\t\t\t\t\t\t\t\t\t<input size=\"1\" type=\"text\" name=\"form_fields[subject]\" id=\"form-field-subject\" class=\"elementor-field elementor-size-md  elementor-field-textual\" placeholder=\"Objet de votre demande\" required=\"required\">\n\t\t\t\t\t\t\t\t\t\t\t<\/div>\n\t\t\t\t\t\t\t\t<div class=\"elementor-field-type-textarea elementor-field-group elementor-column elementor-field-group-message elementor-col-100\">\n\t\t\t\t\t\t\t\t\t\t\t\t<label for=\"form-field-message\" class=\"elementor-field-label\">\n\t\t\t\t\t\t\t\tMessage\t\t\t\t\t\t\t<\/label>\n\t\t\t\t\t\t<textarea class=\"elementor-field-textual elementor-field  elementor-size-md\" name=\"form_fields[message]\" id=\"form-field-message\" rows=\"5\" placeholder=\"Pour toute demande urgente, merci de nous contacter via WhatsApp ou par t\u00e9l\u00e9phone.\"><\/textarea>\t\t\t\t<\/div>\n\t\t\t\t\t\t\t\t<div class=\"elementor-field-type-recaptcha elementor-field-group elementor-column elementor-field-group-field_d34e5bb elementor-col-100\">\n\t\t\t\t\t<div class=\"elementor-field\" id=\"form-field-field_d34e5bb\"><div class=\"elementor-g-recaptcha\" data-sitekey=\"6LfkT5IrAAAAAEHPJwZeD9Vty_56q4mbaWYgDZsq\" data-type=\"v2_checkbox\" data-theme=\"light\" data-size=\"normal\"><\/div><\/div>\t\t\t\t<\/div>\n\t\t\t\t\t\t\t\t<div class=\"elementor-field-group elementor-column elementor-field-type-submit elementor-col-100 e-form__buttons\">\n\t\t\t\t\t<button class=\"elementor-button elementor-size-sm\" type=\"submit\">\n\t\t\t\t\t\t<span class=\"elementor-button-content-wrapper\">\n\t\t\t\t\t\t\t\t\t\t\t\t\t\t\t\t\t\t\t\t\t\t<span class=\"elementor-button-text\">Envoyer<\/span>\n\t\t\t\t\t\t\t\t\t\t\t\t\t<\/span>\n\t\t\t\t\t<\/button>\n\t\t\t\t<\/div>\n\t\t\t<\/div>\n\t\t<\/form>\n\t\t\t\t\t\t<\/div>\n\t\t\t\t<\/div>\n\t\t\t\t\t<\/div>\n\t\t<\/div>\n\t\t\t\t\t<\/div>\n\t\t<\/section>\n\t\t\t\t<\/div>\n\t\t","protected":false},"excerpt":{"rendered":"<p>O\u00f9 nous trouver O\u00f9 nous trouver Boulevard Georges-Favon 141204 Gen\u00e8ve Contactez-nous info@ohnolulu.com +41 78 302 54 11 Horaires Dimanche &#8211; Jeudi : 16h00 &#8211; 2h00Vendredi &#8211; Samedi : 16h00 &#8211; 4h00Service du midi du lundi au vendredi d\u00e8s 11h30 R\u00e9servations<\/p>\n","protected":false},"author":1,"featured_media":615,"parent":0,"menu_order":0,"comment_status":"closed","ping_status":"closed","template":"elementor_header_footer","meta":{"footnotes":""},"class_list":["post-142","page","type-page","status-publish","has-post-thumbnail","hentry","entry","has-media"],"yoast_head":"<!-- This site is optimized with the Yoast SEO plugin v25.5 - https:\/\/yoast.com\/wordpress\/plugins\/seo\/ -->\n<title>Oh no Lulu - Bar \u00e0 Cocktails<\/title>\n<meta name=\"description\" content=\"Vivez l&#039;excellence des spiritueux et des saveurs fran\u00e7aises, habilement \u00e9labor\u00e9s en cocktails exquis pour une soir\u00e9e inoubliable.\" \/>\n<meta name=\"robots\" content=\"index, follow, max-snippet:-1, max-image-preview:large, max-video-preview:-1\" \/>\n<link rel=\"canonical\" href=\"https:\/\/www.ohnolulu.com\/en\/contact-2\/\" \/>\n<meta property=\"og:locale\" content=\"en_US\" \/>\n<meta property=\"og:type\" content=\"article\" \/>\n<meta property=\"og:title\" content=\"Oh no Lulu - Bar \u00e0 Cocktails\" \/>\n<meta property=\"og:description\" content=\"Vivez l&#039;excellence des spiritueux et des saveurs fran\u00e7aises, habilement \u00e9labor\u00e9s en cocktails exquis pour une soir\u00e9e inoubliable.\" \/>\n<meta property=\"og:url\" content=\"https:\/\/www.ohnolulu.com\/en\/contact-2\/\" \/>\n<meta property=\"og:site_name\" content=\"Oh no Lulu!\" \/>\n<meta property=\"article:modified_time\" content=\"2025-07-28T17:49:17+00:00\" \/>\n<meta property=\"og:image\" content=\"https:\/\/www.ohnolulu.com\/wp-content\/uploads\/2023\/09\/331313387_878370430067211_1867090772649464169_n.jpg\" \/>\n\t<meta property=\"og:image:width\" content=\"950\" \/>\n\t<meta property=\"og:image:height\" content=\"950\" \/>\n\t<meta property=\"og:image:type\" content=\"image\/jpeg\" \/>\n<meta name=\"twitter:card\" content=\"summary_large_image\" \/>\n<meta name=\"twitter:label1\" content=\"Est. reading time\" \/>\n\t<meta name=\"twitter:data1\" content=\"1 minute\" \/>\n<script type=\"application\/ld+json\" class=\"yoast-schema-graph\">{\"@context\":\"https:\/\/schema.org\",\"@graph\":[{\"@type\":\"WebPage\",\"@id\":\"https:\/\/www.ohnolulu.com\/en\/contact-2\/\",\"url\":\"https:\/\/www.ohnolulu.com\/en\/contact-2\/\",\"name\":\"Oh no Lulu - Bar \u00e0 Cocktails\",\"isPartOf\":{\"@id\":\"https:\/\/www.ohnolulu.com\/#website\"},\"primaryImageOfPage\":{\"@id\":\"https:\/\/www.ohnolulu.com\/en\/contact-2\/#primaryimage\"},\"image\":{\"@id\":\"https:\/\/www.ohnolulu.com\/en\/contact-2\/#primaryimage\"},\"thumbnailUrl\":\"https:\/\/www.ohnolulu.com\/wp-content\/uploads\/2023\/09\/331313387_878370430067211_1867090772649464169_n.jpg\",\"datePublished\":\"2023-06-28T05:09:22+00:00\",\"dateModified\":\"2025-07-28T17:49:17+00:00\",\"description\":\"Vivez l'excellence des spiritueux et des saveurs fran\u00e7aises, habilement \u00e9labor\u00e9s en cocktails exquis pour une soir\u00e9e inoubliable.\",\"breadcrumb\":{\"@id\":\"https:\/\/www.ohnolulu.com\/en\/contact-2\/#breadcrumb\"},\"inLanguage\":\"en-US\",\"potentialAction\":[{\"@type\":\"ReadAction\",\"target\":[\"https:\/\/www.ohnolulu.com\/en\/contact-2\/\"]}]},{\"@type\":\"ImageObject\",\"inLanguage\":\"en-US\",\"@id\":\"https:\/\/www.ohnolulu.com\/en\/contact-2\/#primaryimage\",\"url\":\"https:\/\/www.ohnolulu.com\/wp-content\/uploads\/2023\/09\/331313387_878370430067211_1867090772649464169_n.jpg\",\"contentUrl\":\"https:\/\/www.ohnolulu.com\/wp-content\/uploads\/2023\/09\/331313387_878370430067211_1867090772649464169_n.jpg\",\"width\":950,\"height\":950,\"caption\":\"Oh no Lulu!\"},{\"@type\":\"BreadcrumbList\",\"@id\":\"https:\/\/www.ohnolulu.com\/en\/contact-2\/#breadcrumb\",\"itemListElement\":[{\"@type\":\"ListItem\",\"position\":1,\"name\":\"Accueil\",\"item\":\"https:\/\/www.ohnolulu.com\/en\/\"},{\"@type\":\"ListItem\",\"position\":2,\"name\":\"O\u00f9 nous trouver\"}]},{\"@type\":\"WebSite\",\"@id\":\"https:\/\/www.ohnolulu.com\/#website\",\"url\":\"https:\/\/www.ohnolulu.com\/\",\"name\":\"Oh no Lulu!\",\"description\":\"Boulevard Georges-Favon 14, Geneva, Switzerland\",\"potentialAction\":[{\"@type\":\"SearchAction\",\"target\":{\"@type\":\"EntryPoint\",\"urlTemplate\":\"https:\/\/www.ohnolulu.com\/?s={search_term_string}\"},\"query-input\":{\"@type\":\"PropertyValueSpecification\",\"valueRequired\":true,\"valueName\":\"search_term_string\"}}],\"inLanguage\":\"en-US\"}]}<\/script>\n<!-- \/ Yoast SEO plugin. -->","yoast_head_json":{"title":"Oh no Lulu - Bar \u00e0 Cocktails","description":"Vivez l'excellence des spiritueux et des saveurs fran\u00e7aises, habilement \u00e9labor\u00e9s en cocktails exquis pour une soir\u00e9e inoubliable.","robots":{"index":"index","follow":"follow","max-snippet":"max-snippet:-1","max-image-preview":"max-image-preview:large","max-video-preview":"max-video-preview:-1"},"canonical":"https:\/\/www.ohnolulu.com\/en\/contact-2\/","og_locale":"en_US","og_type":"article","og_title":"Oh no Lulu - Bar \u00e0 Cocktails","og_description":"Vivez l'excellence des spiritueux et des saveurs fran\u00e7aises, habilement \u00e9labor\u00e9s en cocktails exquis pour une soir\u00e9e inoubliable.","og_url":"https:\/\/www.ohnolulu.com\/en\/contact-2\/","og_site_name":"Oh no Lulu!","article_modified_time":"2025-07-28T17:49:17+00:00","og_image":[{"width":950,"height":950,"url":"https:\/\/www.ohnolulu.com\/wp-content\/uploads\/2023\/09\/331313387_878370430067211_1867090772649464169_n.jpg","type":"image\/jpeg"}],"twitter_card":"summary_large_image","twitter_misc":{"Est. reading time":"1 minute"},"schema":{"@context":"https:\/\/schema.org","@graph":[{"@type":"WebPage","@id":"https:\/\/www.ohnolulu.com\/en\/contact-2\/","url":"https:\/\/www.ohnolulu.com\/en\/contact-2\/","name":"Oh no Lulu - Bar \u00e0 Cocktails","isPartOf":{"@id":"https:\/\/www.ohnolulu.com\/#website"},"primaryImageOfPage":{"@id":"https:\/\/www.ohnolulu.com\/en\/contact-2\/#primaryimage"},"image":{"@id":"https:\/\/www.ohnolulu.com\/en\/contact-2\/#primaryimage"},"thumbnailUrl":"https:\/\/www.ohnolulu.com\/wp-content\/uploads\/2023\/09\/331313387_878370430067211_1867090772649464169_n.jpg","datePublished":"2023-06-28T05:09:22+00:00","dateModified":"2025-07-28T17:49:17+00:00","description":"Vivez l'excellence des spiritueux et des saveurs fran\u00e7aises, habilement \u00e9labor\u00e9s en cocktails exquis pour une soir\u00e9e inoubliable.","breadcrumb":{"@id":"https:\/\/www.ohnolulu.com\/en\/contact-2\/#breadcrumb"},"inLanguage":"en-US","potentialAction":[{"@type":"ReadAction","target":["https:\/\/www.ohnolulu.com\/en\/contact-2\/"]}]},{"@type":"ImageObject","inLanguage":"en-US","@id":"https:\/\/www.ohnolulu.com\/en\/contact-2\/#primaryimage","url":"https:\/\/www.ohnolulu.com\/wp-content\/uploads\/2023\/09\/331313387_878370430067211_1867090772649464169_n.jpg","contentUrl":"https:\/\/www.ohnolulu.com\/wp-content\/uploads\/2023\/09\/331313387_878370430067211_1867090772649464169_n.jpg","width":950,"height":950,"caption":"Oh no Lulu!"},{"@type":"BreadcrumbList","@id":"https:\/\/www.ohnolulu.com\/en\/contact-2\/#breadcrumb","itemListElement":[{"@type":"ListItem","position":1,"name":"Accueil","item":"https:\/\/www.ohnolulu.com\/en\/"},{"@type":"ListItem","position":2,"name":"O\u00f9 nous trouver"}]},{"@type":"WebSite","@id":"https:\/\/www.ohnolulu.com\/#website","url":"https:\/\/www.ohnolulu.com\/","name":"Oh no Lulu!","description":"Boulevard Georges-Favon 14, Geneva, Switzerland","potentialAction":[{"@type":"SearchAction","target":{"@type":"EntryPoint","urlTemplate":"https:\/\/www.ohnolulu.com\/?s={search_term_string}"},"query-input":{"@type":"PropertyValueSpecification","valueRequired":true,"valueName":"search_term_string"}}],"inLanguage":"en-US"}]}},"_links":{"self":[{"href":"https:\/\/www.ohnolulu.com\/en\/wp-json\/wp\/v2\/pages\/142","targetHints":{"allow":["GET"]}}],"collection":[{"href":"https:\/\/www.ohnolulu.com\/en\/wp-json\/wp\/v2\/pages"}],"about":[{"href":"https:\/\/www.ohnolulu.com\/en\/wp-json\/wp\/v2\/types\/page"}],"author":[{"embeddable":true,"href":"https:\/\/www.ohnolulu.com\/en\/wp-json\/wp\/v2\/users\/1"}],"replies":[{"embeddable":true,"href":"https:\/\/www.ohnolulu.com\/en\/wp-json\/wp\/v2\/comments?post=142"}],"version-history":[{"count":113,"href":"https:\/\/www.ohnolulu.com\/en\/wp-json\/wp\/v2\/pages\/142\/revisions"}],"predecessor-version":[{"id":912,"href":"https:\/\/www.ohnolulu.com\/en\/wp-json\/wp\/v2\/pages\/142\/revisions\/912"}],"wp:featuredmedia":[{"embeddable":true,"href":"https:\/\/www.ohnolulu.com\/en\/wp-json\/wp\/v2\/media\/615"}],"wp:attachment":[{"href":"https:\/\/www.ohnolulu.com\/en\/wp-json\/wp\/v2\/media?parent=142"}],"curies":[{"name":"wp","href":"https:\/\/api.w.org\/{rel}","templated":true}]}}